{"id":1402,"date":"2025-08-15T13:48:24","date_gmt":"2025-08-15T12:48:24","guid":{"rendered":"https:\/\/endo-duesseldorf.com\/impressum\/"},"modified":"2025-09-22T09:48:21","modified_gmt":"2025-09-22T08:48:21","slug":"impressum","status":"publish","type":"page","link":"https:\/\/endo-duesseldorf.com\/de\/impressum\/","title":{"rendered":"Impressum"},"content":{"rendered":"\n<h2 class=\"wp-block-heading\">COCS GmbH &#8211; Kongressorganisation C. Sch\u00e4fer<\/h2>\n\n<p>Goethestr. 43<br\/>80336 M\u00fcnchen<br\/>Vertreten durch: Claudia Sch\u00e4fer<\/p>\n\n<h2 class=\"wp-block-heading\">Direktoren<\/h2>\n\n<p>Torsten Beyna, Horst Neuhaus<br\/>Evangelisches Krankenhaus D\u00fcsseldorf<br\/>Kirchfeldstr. 40<br\/>40217 D\u00fcsseldorf<br\/>Tel.: +49 211 919 &#8211; 16 05<br\/>Fax: +49 211 919 &#8211; 39 60<br\/>E-Mail: <a href=\"mailto:medizinische-klinik@evk-duesseldorf.de\" rel=\"noreferrer noopener\" target=\"_blank\">medizinische-klinik@evk-duesseldorf.de<\/a><br\/><a href=\"https:\" rel=\"noreferrer noopener\" target=\"_blank\">www.evk-duesseldorf.de<\/a><\/p>\n\n<h2 class=\"wp-block-heading\">Kontakt<\/h2>\n\n<p>COCS GmbH &#8211; Congress Organisation C. Sch\u00e4fer<br\/>Goethestr. 43<br\/>80336 M\u00fcnchen<\/p>\n\n<p>Telefon: +49 89 \u2013 89 06 77 0 | E-Mail: <a href=\"mailto:%20iesd@cocs.de\">iesd@cocs.de<\/a><br\/><a href=\"https:\/\/www.cocs.de\/\" target=\"_blank\" rel=\"noreferrer noopener\">www.cocs.de<\/a><\/p>\n\n<h2 class=\"wp-block-heading\">Anmeldung<\/h2>\n\n<p>Eingetragen im deutschen Handelsregister.<br\/>Registergericht: Amtsgericht M\u00fcnchen, Deutschland<br\/>Registernummer: HRB 180 584<\/p>\n\n<h2 class=\"wp-block-heading\">Deutsche Umsatzsteuer-ID<\/h2>\n\n<p>Deutsche Umsatzsteuer-Identifikationsnummer gem\u00e4\u00df \u00a727 a Umsatzsteuergesetz (UStG): DE 266 58 70 98<\/p>\n\n<p><strong>Folgender Test ist teilweise nur auf Deutsch verf\u00fcgbar.<\/strong><\/p>\n\n<h2 class=\"wp-block-heading\">Haftungsausschluss<\/h2>\n\n<p><strong>Inhalt<\/strong><br\/>Wir behalten uns das Recht vor, keine Verantwortung f\u00fcr die Aktualit\u00e4t, Korrektheit, Vollst\u00e4ndigkeit oder Qualit\u00e4t der bereitgestellten Informationen zu \u00fcbernehmen. Haftungsanspr\u00fcche, die sich auf Sch\u00e4den materieller oder ideeller Art beziehen, die durch die Nutzung oder Nichtnutzung der dargebotenen Informationen bzw. durch die Nutzung fehlerhafter und unvollst\u00e4ndiger Informationen verursacht wurden, sind grunds\u00e4tzlich ausgeschlossen. Alle Angebote sind freibleibend und unverbindlich. Der Autor beh\u00e4lt es sich ausdr\u00fccklich vor, Teile der Seiten oder das gesamte Angebot ohne gesonderte Ank\u00fcndigung zu ver\u00e4ndern, zu erg\u00e4nzen, zu l\u00f6schen oder die Ver\u00f6ffentlichung zeitweise oder endg\u00fcltig einzustellen.<\/p>\n\n<p><strong>Haftung f\u00fcr Links<\/strong><br\/>Wir sind nicht verantwortlich f\u00fcr die Inhalte von Seiten, auf die von unseren Seiten aus verwiesen wird &#8211; es sei denn, wir haben Kenntnis von rechtswidrigen Inhalten und w\u00e4ren in der Lage, den Besuch dieser Seiten zu verhindern. F\u00fcr den Inhalt der verlinkten Seiten sind ausschlie\u00dflich deren Betreiber verantwortlich, nicht aber derjenige, der auf diese Seiten verlinkt hat. Dar\u00fcber hinaus haften wir nicht f\u00fcr Beitr\u00e4ge oder Nachrichten, die von Benutzern in Diskussionsforen, G\u00e4steb\u00fcchern oder Mailinglisten auf dieser Seite ver\u00f6ffentlicht werden.<\/p>\n\n<p><strong>Copyright<\/strong><br\/>Wir sind bestrebt, kein urheberrechtlich gesch\u00fctztes Material f\u00fcr die Ver\u00f6ffentlichung zu verwenden oder, falls dies nicht m\u00f6glich ist, das Copyright des jeweiligen Objekts anzugeben. Das Copyright f\u00fcr jegliches Material ist vorbehalten. Eine Vervielf\u00e4ltigung oder Verwendung solcher Grafiken, Tondokumente, Videosequenzen und Texte in anderen elektronischen oder gedruckten Publikationen ist ohne unsere Zustimmung nicht gestattet.<\/p>\n\n<p><strong>Datenschutz<\/strong><br\/>Sofern innerhalb des Internetangebotes die M\u00f6glichkeit zur Eingabe pers\u00f6nlicher oder gesch\u00e4ftlicher Daten (Emailadressen, Namen, Anschriften) besteht, so erfolgt die Preisgabe dieser Daten seitens des Nutzers auf ausdr\u00fccklich freiwilliger Basis. Die Inanspruchnahme und Bezahlung aller angebotenen Dienste ist &#8211; soweit technisch m\u00f6glich und zumutbar &#8211; auch ohne Angabe solcher Daten bzw. unter Angabe anonymisierter Daten oder eines Pseudonyms gestattet. Die Nutzung der ver\u00f6ffentlichten Postanschriften, Telefon- oder Faxnummern und E-Mail-Adressen zu Marketingzwecken ist untersagt, Zuwiderhandelnde, die unerw\u00fcnschte Spam-Nachrichten versenden, werden bestraft.<\/p>\n\n<p>Quelle: Haftungsausschluss von www.disclaimer.de.<\/p>\n\n<p><strong>Bildnachweis<\/strong><\/p>\n\n<p>Katrin Hauter<br\/>Ulrik Eichentopf<br\/>Fotografie<\/p>\n\n<p>Foto D\u00fcsseldorf: shutterstock, davis<br\/><br\/><strong>Design &amp; Programmierung<\/strong>: <a href=\"https:\/\/www.canmedia.rocks\" target=\"_blank\" rel=\"noreferrer noopener\">CanMedia<\/a><\/p>\n","protected":false},"excerpt":{"rendered":"<p>COCS GmbH &#8211; Kongressorganisation C. Sch\u00e4fer Goethestr. 4380336 M\u00fcnchenVertreten durch: Claudia Sch\u00e4fer Direktoren Torsten Beyna, Horst NeuhausEvangelisches Krankenhaus D\u00fcsseldorfKirchfeldstr. 4040217 D\u00fcsseldorfTel.: +49 211 919 &#8211; 16 05Fax: +49 211 919 &#8211; 39 60E-Mail: medizinische-klinik@evk-duesseldorf.dewww.evk-duesseldorf.de Kontakt COCS GmbH &#8211; Congress Organisation C. Sch\u00e4ferGoethestr. 4380336 M\u00fcnchen Telefon: +49 89 \u2013 89 06 77 0 | E-Mail: iesd@cocs.dewww.cocs.de [&hellip;]<\/p>\n","protected":false},"author":1,"featured_media":0,"parent":0,"menu_order":0,"comment_status":"closed","ping_status":"closed","template":"","meta":{"_gspb_post_css":"","footnotes":""},"class_list":["post-1402","page","type-page","status-publish","hentry"],"_links":{"self":[{"href":"https:\/\/endo-duesseldorf.com\/de\/wp-json\/wp\/v2\/pages\/1402","targetHints":{"allow":["GET"]}}],"collection":[{"href":"https:\/\/endo-duesseldorf.com\/de\/wp-json\/wp\/v2\/pages"}],"about":[{"href":"https:\/\/endo-duesseldorf.com\/de\/wp-json\/wp\/v2\/types\/page"}],"author":[{"embeddable":true,"href":"https:\/\/endo-duesseldorf.com\/de\/wp-json\/wp\/v2\/users\/1"}],"replies":[{"embeddable":true,"href":"https:\/\/endo-duesseldorf.com\/de\/wp-json\/wp\/v2\/comments?post=1402"}],"version-history":[{"count":6,"href":"https:\/\/endo-duesseldorf.com\/de\/wp-json\/wp\/v2\/pages\/1402\/revisions"}],"predecessor-version":[{"id":1700,"href":"https:\/\/endo-duesseldorf.com\/de\/wp-json\/wp\/v2\/pages\/1402\/revisions\/1700"}],"wp:attachment":[{"href":"https:\/\/endo-duesseldorf.com\/de\/wp-json\/wp\/v2\/media?parent=1402"}],"curies":[{"name":"wp","href":"https:\/\/api.w.org\/{rel}","templated":true}]}}