{"id":1386,"date":"2025-08-12T15:40:21","date_gmt":"2025-08-12T14:40:21","guid":{"rendered":"https:\/\/endo-duesseldorf.com\/allgemein\/"},"modified":"2025-09-16T13:06:26","modified_gmt":"2025-09-16T12:06:26","slug":"allgemein","status":"publish","type":"page","link":"https:\/\/endo-duesseldorf.com\/de\/allgemein\/","title":{"rendered":"Allgemein"},"content":{"rendered":"\n<h2 class=\"wp-block-heading\">Zertifizierung<\/h2>\n\n<p>Wir beabsichtigen, eine Zertifizierung durch die EACCME zu beantragen. Weitere Informationen folgen zur gegebenen Zeit.<\/p>\n\n<h2 class=\"wp-block-heading\">Sprache<\/h2>\n\n<p>Englisch mit Simultan\u00fcbersetzung ins Deutsche.<\/p>\n\n<h2 class=\"wp-block-heading\">Genehmigung des Arbeitgebers<\/h2>\n\n<p>Wir m\u00f6chten angestellte \u00c4rzte\/Wissenschaftler bitten, ggf. die Erlaubnis ihres Arbeitgebers f\u00fcr die Teilnahme an dieser Veranstaltung einzuholen. Der Kongress wird von pharmazeutischen\/medizinischen Unternehmen unterst\u00fctzt, wobei die Sponsoren keinen Einfluss auf die Gestaltung des wissenschaftlichen Programms haben. Industrie-Symposien sind deutlich gekennzeichnet.<\/p>\n\n<h2 class=\"wp-block-heading\">Foto- und Filmaufnahmen<\/h2>\n\n<p>Im Rahmen der Konferenz sind Fotos und Filmaufnahmen geplant, die wahrscheinlich auf der Homepage oder f\u00fcr Beitr\u00e4ge \u00fcber die Konferenz in den sozialen Medien verwendet werden. Als Teilnehmer der Konferenz erkl\u00e4ren Sie sich damit einverstanden, es sei denn, Sie erheben zum Zeitpunkt der Aufzeichnung Widerspruch.<\/p>\n\n<p>Die Organisatoren erw\u00e4gen, Aufnahmen, Vortr\u00e4ge und bearbeitete Live-Demonstrationen auf der Website www.endo-duesseldorf.com zu zeigen.<\/p>\n\n<h2 class=\"wp-block-heading\">Offenlegung von Interessenkonflikten<\/h2>\n\n<p>Alle Redner werden gebeten, m\u00f6gliche Interessenkonflikte und bestehende Unternehmensbeziehungen zu Beginn des Vortrags offenzulegen.<\/p>\n\n<h2 class=\"wp-block-heading\">Haftung<\/h2>\n\n<p>Die Organisatoren der Konferenz k\u00f6nnen keine Haftung f\u00fcr Personensch\u00e4den oder Verlust oder Besch\u00e4digung von Eigentum der Konferenzteilnehmer \u00fcbernehmen, auch nicht w\u00e4hrend der Konferenz oder als Folge der Teilnahme an der Konferenz. Bitte pr\u00fcfen Sie die G\u00fcltigkeit Ihrer eigenen Versicherung. Der Teilnehmer erkennt an, dass er keine Schadensersatzanspr\u00fcche gegen den Veranstalter geltend machen kann, wenn die Konferenz oder einzelne Bestandteile durch unvorhergesehene politische oder wirtschaftliche Ereignisse oder allgemein durch h\u00f6here Gewalt erschwert oder verhindert werden oder wenn Programm\u00e4nderungen aufgrund von Absagen von Referenten o.\u00e4. vorgenommen werden. Mit der Anmeldung erkennt der Teilnehmer diesen Vorbehalt an. Der Gerichtsstand ist M\u00fcnchen.<\/p>\n\n<h2 class=\"wp-block-heading\">Technische Informationen f\u00fcr Redner<\/h2>\n\n<p>Bitte beachten Sie die allgemeinen technischen Informationen f\u00fcr Redner. Sie finden sie hier zur gegebenen Zeit.<\/p>\n\n<h2 class=\"wp-block-heading\">Organisator des Kongresses<\/h2>\n\n<div class=\"wp-block-greenshift-blocks-container gspb_container gspb_container-gsbp-dd0b306\" id=\"gspb_container-id-gsbp-dd0b306\">\n<p style=\"margin-top:0;margin-bottom:0\">COCS GmbH &#8211; Congress Organisation C. Sch\u00e4fer<br\/>Goethestr. 43<br\/>80336 M\u00fcnchen, Germany<br\/>Telefon: +49 89 \u2013 89 06 77 0 | E-Mail: <a href=\"mailto:iesd@cocs.de\">iesd@cocs.de<\/a><br\/><a href=\"https:\/\/www.cocs.de\/\" target=\"_blank\" rel=\"noreferrer noopener\">www.cocs.de<\/a><\/p>\n<\/div>\n\n<h2 class=\"wp-block-heading\">Wissenschaftliche Direktoren<\/h2>\n\n<p>Priv.-Doz. Dr. med Torsten Beyna<br\/>Prof. Dr. med. Horst Neuhaus<br\/>Evangelisches Krankenhaus D\u00fcsseldorf<br\/>Kirchfeldstr. 40<br\/>40217 D\u00fcsseldorf, Deutschland<br\/>Telefon: +49 211 \/ 919 16 05<br\/>E-Mail: <a href=\"mailto:sabine.kindler@evk-duesseldorf.de\">sabine.kindler@evk-duesseldorf.de<\/a><br\/><a href=\"https:\/\/www.evk-duesseldorf.de\/\" rel=\"noreferrer noopener\" target=\"_blank\">www.evk-duesseldorf.de<\/a><\/p>\n","protected":false},"excerpt":{"rendered":"<p>Zertifizierung Wir beabsichtigen, eine Zertifizierung durch die EACCME zu beantragen. Weitere Informationen folgen zur gegebenen Zeit. Sprache Englisch mit Simultan\u00fcbersetzung ins Deutsche. Genehmigung des Arbeitgebers Wir m\u00f6chten angestellte \u00c4rzte\/Wissenschaftler bitten, ggf. die Erlaubnis ihres Arbeitgebers f\u00fcr die Teilnahme an dieser Veranstaltung einzuholen. Der Kongress wird von pharmazeutischen\/medizinischen Unternehmen unterst\u00fctzt, wobei die Sponsoren keinen Einfluss auf [&hellip;]<\/p>\n","protected":false},"author":1,"featured_media":0,"parent":0,"menu_order":0,"comment_status":"closed","ping_status":"closed","template":"","meta":{"_gspb_post_css":".gspb_container-id-gsbp-dd0b306{flex-direction:column;box-sizing:border-box}#gspb_container-id-gsbp-dd0b306.gspb_container>p:last-of-type{margin-bottom:0}#gspb_container-id-gsbp-dd0b306.gspb_container{position:relative;display:flex;flex-direction:row;align-items:center;column-gap:50px;margin-top:0;padding-top:0}","footnotes":""},"class_list":["post-1386","page","type-page","status-publish","hentry"],"_links":{"self":[{"href":"https:\/\/endo-duesseldorf.com\/de\/wp-json\/wp\/v2\/pages\/1386","targetHints":{"allow":["GET"]}}],"collection":[{"href":"https:\/\/endo-duesseldorf.com\/de\/wp-json\/wp\/v2\/pages"}],"about":[{"href":"https:\/\/endo-duesseldorf.com\/de\/wp-json\/wp\/v2\/types\/page"}],"author":[{"embeddable":true,"href":"https:\/\/endo-duesseldorf.com\/de\/wp-json\/wp\/v2\/users\/1"}],"replies":[{"embeddable":true,"href":"https:\/\/endo-duesseldorf.com\/de\/wp-json\/wp\/v2\/comments?post=1386"}],"version-history":[{"count":13,"href":"https:\/\/endo-duesseldorf.com\/de\/wp-json\/wp\/v2\/pages\/1386\/revisions"}],"predecessor-version":[{"id":1640,"href":"https:\/\/endo-duesseldorf.com\/de\/wp-json\/wp\/v2\/pages\/1386\/revisions\/1640"}],"wp:attachment":[{"href":"https:\/\/endo-duesseldorf.com\/de\/wp-json\/wp\/v2\/media?parent=1386"}],"curies":[{"name":"wp","href":"https:\/\/api.w.org\/{rel}","templated":true}]}}