{"id":1353,"date":"2025-08-13T13:54:02","date_gmt":"2025-08-13T12:54:02","guid":{"rendered":"https:\/\/endo-duesseldorf.com\/industrie\/"},"modified":"2026-03-04T14:38:24","modified_gmt":"2026-03-04T13:38:24","slug":"industrie","status":"publish","type":"page","link":"https:\/\/endo-duesseldorf.com\/de\/industrie\/","title":{"rendered":"Industrie"},"content":{"rendered":"\n<h2 id=\"gspb_heading-id-gsbp-90a3243\" class=\"gspb_heading gspb_heading-id-gsbp-90a3243 \">Ausstellung<\/h2>\n\n<p>Besuchen Sie die begleitende Industrieausstellung, die Sie umfassend \u00fcber aktuelle Entwicklungen informiert und zum Erfahrungsaustausch einl\u00e4dt.<\/p>\n\n<p>\u00d6ffnungszeiten*:<\/p>\n\n<figure class=\"wp-block-table\"><table class=\"has-fixed-layout\"><tbody><tr><td>Freitag, Februar 6, 2026<\/td><td>8.00 \u2013 17.30<\/td><\/tr><tr><td>Samstag, 7. Februar 2026<\/td><td>8.00 \u2013 15.40<\/td><\/tr><\/tbody><\/table><\/figure>\n\n<p><strong>Wir freuen uns, die folgenden Firmen in unserer Fachausstellung begr\u00fc\u00dfen zu dr\u00fcfen.<\/strong><\/p>\n\n<p>AbbVie Deutschland GmbH &amp; Co. KG, Wiesbaden<br\/>Alfasigma GmbH, Munich<br\/>Ambu GmbH, Bad Nauheim<br\/>Aohua Photoelectricity Endoscopy Co., Ltd., Shanghai<br\/>Berufsverband Niedergelassener Gastroenterologen Deutschlands (bng) e.V., Ulm<br\/>BioCer Entwicklungs-GmbH, Bayreuth<br\/>BODY Products Relax Pharma und Kosmetik GmbH, Frechen<br\/>Boston Scientific Medizintechnik GmbH, Du\u0308sseldorf<br\/>CapsoVision Inc., Saratoga \/ The United States<br\/>Celltrion Healthcare Deutschland GmbH, Bad Homburg vor der H\u00f6he<br\/>Cook Medical, Limerick \/ Ireland<br\/>Creo Medical GmbH, Langenfeld<br\/>Deutsche Gesellschaft fu\u0308r Endoskopiefachberufe e.V. (DEGEA), Herne<br\/>Deutsche Gesellschaft fu\u0308r Endoskopie und Bildgebende Verfahren (DGE-BV) e.V., Munich<br\/>DR. FALK PHARMA GMBH \u2013 Scientific &amp; Educational Excellence Partner of FALK<br\/>FOUNDATION E.V., Freiburg<br\/>Dr. Henke Medical Training + Education, Leipzig<br\/>Dr. Weigert, Hamburg<br\/>Edlich &amp; Habel c\/o SE Innovate GmbH, Buchholz<br\/>EndoMed Systems GmbH, Ravensburg<br\/>endorepair GmbH, We\u00dfling<br\/>Endoscope Complete Services GmbH &amp; Co. KG, Sch\u00f6nberg<br\/>Erbe Elektromedizin GmbH, Tu\u0308bingen<br\/>ESGE &#8211; European Society of Gastrointestinal Endoscopy e.V., Munich<br\/>FENDO Medizintechnik, Neustadt<br\/>Fresenius Kabi Deutschland GmbH, Bad Homburg vor der H\u00f6he<br\/>FUJIFILM Healthcare Europe GmbH, Ratingen<br\/>Johnson &amp; Johnson \u2013 Innovative Medicine, Neuss<br\/>Kr\u00f6ner Medizintechnik GmbH, Altenkirchen<br\/>Leufen Medical GmbH, Berlin<br\/>Lilly Deutschland GmbH, Bad Homburg vor der H\u00f6he<br\/>Lischka GmbH, Berlin<br\/>Loremed GmbH, Oststeinbek<br\/>mandel + rupp medizintechnik GmbH, Erkrath &amp; Taewoong Medical Co. Ltd., Goyang \/South Korea <br\/>MICRO-TECH Europe GmbH, Du\u0308sseldorf<br\/>MTW-Endoskopie W. Haag KG, Wesel<br\/>NEXUS\/ E&amp;L GmbH, Nu\u0308rnberg<br\/>Norgine GmbH, Wettenberg<br\/>Olympus Deutschland GmbH, Hamburg<br\/>Ovesco Endoscopy AG, Tu\u0308bingen<br\/>PENTAX Europe GmbH, Hamburg<br\/>Peter Pflugbeil GmbH, Zorneding<br\/>PROMEDIA A. Ahnfeldt GmbH, Siegen<br\/>SonoScape Medical Germany GmbH, Du\u0308sseldorf<br\/>Standard Instruments GmbH, Karlsruhe<br\/>STERIS Deutschland GmbH, Cologne<br\/>Takeda Pharma Vertrieb GmbH &amp; Co. KG, Berlin<br\/>Tillotts Pharma GmbH, Berlin<br\/>Walz Elektronik GmbH, Leinfelden-Echterdingen &amp; Wieser Medizintechnik GmbH, Egenhofen<br\/>&amp; AP Nenno Medizintechnik GmbH, Marl<br\/>Wassenburg Deutschland GmbH, M\u00f6nchengladbach<\/p>\n\n<h2 id=\"gspb_heading-id-gsbp-b671d42\" class=\"gspb_heading gspb_heading-id-gsbp-b671d42 \">Sponsoren<\/h2>\n\n<p><strong>Wir m\u00f6chten besonders bei unseren Sponsoren f\u00fcr ihre Unterst\u00fctzung danken.<\/strong><\/p>\n\n<div class=\"wp-block-greenshift-blocks-image gspb_image gspb_image-id-gsbp-a98a342\" id=\"gspb_image-id-gsbp-a98a342\"><img decoding=\"async\" src=\"https:\/\/endo-duesseldorf.com\/wp-content\/uploads\/2025\/10\/Bildschirmfoto-2025-10-24-um-15.58.37-2.png\" data-src=\"\" alt=\"\" loading=\"lazy\" width=\"1302\" height=\"1678\"><\/div>\n\n<div class=\"wp-block-greenshift-blocks-accordion gs-accordion gspb_accordion-id-gsbp-8b01127\" id=\"gspb_accordion-id-gsbp-8b01127\" >\n<div class=\"wp-block-greenshift-blocks-accordionitem gs-accordion-item gspb_accordionitem-gsbp-30adeb2 gsclose\" id=\"gspb_accordionitem-gsbp-30adeb2\" itemscope><div id=\"gs-trigger-gsbp-8b01127-0\" class=\"gs-accordion-item__title\" aria-expanded=\"false\" role=\"button\" tabindex=\"0\" aria-controls=\"gspb-accordion-item-content-gsbp-30adeb2\"><div class=\"gs-accordion-item__heading\">Offenlegung<\/div><span class=\"iconfortoggle\"><span class=\"gs-iconbefore\"><\/span><span class=\"gs-iconafter\"><\/span><\/span><\/div><div aria-labelledby=\"gs-trigger-gsbp-8b01127-0\" class=\"gs-accordion-item__content\" itemscope id=\"gspb-accordion-item-content-gsbp-30adeb2\" aria-hidden=\"true\"><div class=\"gs-accordion-item__text\">\n<p class=\"has-xsmall-font-size\">AbbVie Deutschland GmbH &amp; Co. KG (booth \/ sponsoring \/ symposium 31,000 \u20ac); Alfasigma GmbH (Ausstellungsstand \/ sponsoring<br\/>6,500 \u20ac); Ambu GmbH (booth \/ sponsoring 16,500 \u20ac); Aohua Photoelectricity Endoscopy Co., Ltd. (Ausstellungsstand \/ sponsoring<br\/>18,400 \u20ac); BioCer Entwicklungs-GmbH (booth 2,040 \u20ac); BODY Products Relax Pharma und Kosmetik GmbH (Ausstellungsstand<br\/>4,080 \u20ac); Boston Scientific Medizintechnik GmbH (booth \/ sponsoring \/ symposium 39,000 \u20ac); CapsoVision Inc. (Ausstellungsstand<br\/>2,040 \u20ac); Celltrion Healthcare Deutschland GmbH (booth 2,040 \u20ac); Cook Medical (Ausstellungsstand \/ sponsoring 27,500 \u20ac);<br\/>Creo Medical GmbH (booth 3,060 \u20ac); Dr. Henke Medical Training + Education (booth 2,040 \u20ac); Dr. Weigert (Ausstellungsstand<br\/>2,040 \u20ac); Edlich &amp; Habel c\/o SE Innovate GmbH (booth 2,040 \u20ac); EndoMed Systems GmbH (Ausstellungsstand \/ sponsoring 3,460 \u20ac);<br\/>endorepair GmbH (booth 2,380 \u20ac); Endoscope Complete Services GmbH &amp; Co. KG (Ausstellungsstand 2,040 \u20ac); Erbe Elektromedizin<br\/>GmbH (Ausstellungsstand \/ sponsoring \/ symposium 44,500 \u20ac); DR. FALK PHARMA GMBH \u2013 Scientific &amp; Educational Excellence<br\/>Partner of FALK FOUNDATION E.V. (Ausstellungsstand \/ sponsoring 25,000 \u20ac); FENDO Medizintechnik (booth 2,720 \u20ac); Fresenius<br\/>Kabi Deutschland GmbH (Ausstellungsstand 2,040 \u20ac); FUJIFILM Healthcare Europe GmbH (Ausstellungsstand \/ sponsoring \/ symposium<br\/>47,000 \u20ac); Johnson &amp; Johnson \u2013 Innovative Medicine (Ausstellungsstand \/ sponsoring \/ symposium 20,100 \u20ac); Kr\u00f6ner Medizintechnik<br\/>GmbH (Ausstellungsstand 2,720 \u20ac); Leufen Medical GmbH (Ausstellungsstand 4,080 \u20ac); Lilly Deutschland GmbH (Ausstellungsstand \/ sponsoring<br\/>6,500 \u20ac); Lischka GmbH (Ausstellungsstand 2,040 \u20ac); Loremed GmbH (booth 5,100 \u20ac); mandel + rupp medizintechnik GmbH,<br\/>Erkrath &amp; Taewoong Medical Co. Ltd. (Ausstellungsstand \/ sponsoring 7,520 \u20ac); MICRO-TECH Europe GmbH (Ausstellungsstand \/ sponsoring \/ <br\/>symposium 46,760 \u20ac); MTW-Endoskopie W. Haag KG (Ausstellungsstand \/ sponsoring 23,640 \u20ac); NEXUS\/ E&amp;L GmbH (booth \/<br\/>sponsoring 11,260 \u20ac); Norgine GmbH (Ausstellungsstand \/ sponsoring 16,500 \u20ac); Olympus Deutschland GmbH (booth \/ sponsoring \/<br\/>symposium 85,850 \u20ac); Ovesco Endoscopy AG (Ausstellungsstand \/ sponsoring 9,560 \u20ac); Pentax Europe GmbH (booth \/ sponsoring \/<br\/>symposium 47,700 \u20ac); Peter Pflugbeil GmbH (booth 2,040 \u20ac); PROMEDIA A. Ahnfeldt GmbH (booth 2,040 \u20ac);<br\/>SonoScape Medical Germany GmbH (booth 5,100 \u20ac); Standard Instruments GmbH (booth 2,040 \u20ac); STERIS Deutschland<br\/>GmbH (booth \/ sponsoring 19,560 \u20ac); Takeda Pharma Vertrieb GmbH &amp; Co. KG (booth \/ sponsoring 6,500 \u20ac);<br\/>Tillotts Pharma GmbH (booth \/ sponsoring 6,500 \u20ac); Walz Elektronik GmbH, Wieser Medizintechnik GmbH &amp; AP<br\/>Nenno Medizintechnik GmbH (booth 4,760 \u20ac); Wassenburg Deutschland GmbH (booth \/ sponsoring 17,260 \u20ac).<\/p>\n<\/div><\/div><\/div>\n<\/div>\n\n<div class=\"wp-block-group gs-mobile-hide gs-desktop-hide gs-tablet-hide has-global-padding is-layout-constrained wp-block-group-is-layout-constrained\">\n<h2 id=\"gspb_heading-id-gsbp-886a59e\" class=\"gspb_heading gspb_heading-id-gsbp-886a59e \">Zeitleiste im \u00dcberblick<\/h2>\n\n\n\n<p><strong>Anfang Mai 2025<\/strong><br\/>Die Dokumente der Industrie f\u00fcr IESD 2026 wurden bereitgestellt<\/p>\n\n\n\n<p><strong>Ende Juni 2025<\/strong><br\/>Anmeldeschluss f\u00fcr das gedruckte Programm<\/p>\n\n\n\n<p><strong>Oktober 2025<\/strong><br\/>Rechnungsstellung<\/p>\n\n\n\n<p><strong>November 2025<\/strong><br\/>Platzierung<\/p>\n\n\n\n<p><strong>Januar 2026<\/strong><br\/>Benennung von Standpersonal<\/p>\n<\/div>\n<style>@media(max-width:575.98px){.gs-mobile-hide{display:none !important}}@media(max-width:991.98px) and (min-width:576px){.gs-tablet-hide{display:none !important}}@media(min-width:992px){.gs-desktop-hide{display:none !important}}<\/style>\n<h2 id=\"gspb_heading-id-gsbp-b6cae7d\" class=\"gspb_heading gspb_heading-id-gsbp-b6cae7d \">EthicalMedTech<br\/>MedTechEurope- Status: Compliant<\/h2>\n\n<p>Wir freuen uns, Ihnen mitteilen zu k\u00f6nnen, dass das 28. Internationale Endoskopie-Symposium D\u00fcsseldorf bei EthicalMedTech zur Bewertung eingereicht und als konform mit den Compliance-Richtlinien anerkannt wurde.<br\/>Die Entscheidung kann auf der Website www.ethicalmedtech.eu und direkt unter folgendem Link eingesehen werden: <a href=\"https:\/\/cvs.solutions.iqvia.com\/event\/detail\/EMT-25-05932\">https:\/\/cvs.solutions.iqvia.com\/event\/detail\/EMT-25-05932<\/a> <\/p>\n\n<div class=\"wp-block-greenshift-blocks-infobox gspb_infoBox gspb_infoBox-id-gsbp-2bbbbec\" id=\"gspb_infoBox-id-gsbp-2bbbbec\"><div class=\"gs-box infolight_type icon_type\"><div class=\"gs-box-icon\"><svg class=\"\" style=\"display:inline-block;vertical-align:middle\" width=\"32\" height=\"32\" viewBox=\"0 0 896 1024\" xmlns=\"http:\/\/www.w3.org\/2000\/svg\"><path style=\"fill:#565D66\" d=\"M448 824c-31 0-56-25-56-56v-128c0-31 25-56 56-56s56 25 56 56v128c0 31-25 56-56 56zM896 480v448c0 53-43 96-96 96h-704c-53 0-96-43-96-96v-448c0-53 43-96 96-96h64v-96c0-159 129.6-288.4 288.8-288s287.2 131.6 287.2 290.8v93.2h64c53 0 96 43 96 96zM256 384h384v-96c0-105.8-86.2-192-192-192s-192 86.2-192 192v96zM800 480h-704v448h704v-448z\"><\/path><\/svg><\/div><div class=\"gs-box-text\">\n<h4 id=\"gspb_heading-id-gsbp-1e637e4\" class=\"gspb_heading gspb_heading-id-gsbp-1e637e4 \">Firmenzugang<\/h4>\n\n\n\n<div id=\"gspb_text-id-gsbp-ce29cc5\" class=\"gspb_text gspb_text-id-gsbp-ce29cc5 \">Sie wollen als Aussteller oder Sponsor auf dem 29. Internationalen Endoskopie Symposium D\u00fcsseldorf vertreten sein?<br\/>Die aktuellen Industrieunterlagen finden Sie im <a href=\"https:\/\/endo-duesseldorf.com\/de\/industriezugang\/\" data-type=\"page\" data-id=\"1815\">Passwortgesch\u00fctzen Bereich<\/a>. Falls Sie kein Passwort erhalten haben, melden Sie sich gerne bei uns unter <a href=\"mailto:iesd@cocs.de\">iesd@cocs.de<\/a>. <br\/><br\/>Wir w\u00fcrden uns freuen, Sie bei uns begr\u00fc\u00dfen zu k\u00f6nnen!<\/div>\n<\/div><\/div><\/div>\n","protected":false},"excerpt":{"rendered":"<p>Besuchen Sie die begleitende Industrieausstellung, die Sie umfassend \u00fcber aktuelle Entwicklungen informiert und zum Erfahrungsaustausch einl\u00e4dt. \u00d6ffnungszeiten*: Freitag, Februar 6, 2026 8.00 \u2013 17.30 Samstag, 7. Februar 2026 8.00 \u2013 15.40 Wir freuen uns, die folgenden Firmen in unserer Fachausstellung begr\u00fc\u00dfen zu dr\u00fcfen. AbbVie Deutschland GmbH &amp; Co. KG, WiesbadenAlfasigma GmbH, MunichAmbu GmbH, Bad NauheimAohua [&hellip;]<\/p>\n","protected":false},"author":1,"featured_media":0,"parent":0,"menu_order":0,"comment_status":"closed","ping_status":"closed","template":"","meta":{"_gspb_post_css":"#gspb_heading-id-gsbp-90a3243,#gspb_heading-id-gsbp-b671d42{margin-bottom:0}#gspb_image-id-gsbp-a98a342 img{vertical-align:top;display:inline-block;box-sizing:border-box;max-width:100%;height:auto}#gspb_accordion-id-gsbp-8b01127 .gs-accordion-item.gsclose>.gs-accordion-item__content{overflow:hidden;opacity:0}#gspb_accordion-id-gsbp-8b01127 .gs-accordion-item.gsopen>.gs-accordion-item__content{opacity:1;max-height:5000px}#gspb_accordion-id-gsbp-8b01127 .gs-accordion-item>.gs-accordion-item__title>.gs-accordion-item__heading{outline:0;text-decoration:none;margin:0!important;padding:0!important;flex-grow:1}#gspb_accordion-id-gsbp-8b01127 .gs-accordion-item>.gs-accordion-item__title{z-index:1;margin:0;cursor:pointer;transition:all .3s ease-in-out;position:relative;display:flex;justify-content:space-between;align-items:center;flex-wrap:nowrap}#gspb_accordion-id-gsbp-8b01127 .gs-accordion-item>.gs-accordion-item__content{z-index:0;position:relative;max-height:0;will-change:max-height;transition:all .25s ease-out}#gspb_accordion-id-gsbp-8b01127 .gs-accordion-item>.gs-accordion-item__title{background-color:#00000000}@media (max-width:991.98px){#gspb_accordion-id-gsbp-8b01127 .gs-accordion-item>.gs-accordion-item__title{background-color:#00000000}}@media (max-width:767.98px){#gspb_accordion-id-gsbp-8b01127 .gs-accordion-item>.gs-accordion-item__title{background-color:#00000000}}@media (max-width:575.98px){#gspb_accordion-id-gsbp-8b01127 .gs-accordion-item>.gs-accordion-item__title{background-color:#00000000}}#gspb_accordion-id-gsbp-8b01127 .gs-accordion-item>.gs-accordion-item__title{border-style:solid;border-width:1px;border-color:var(--wp--preset--color--border, #00000012)}#gspb_accordion-id-gsbp-8b01127 .gs-accordion-item>.gs-accordion-item__content{border-top-style:solid;border-top-width:1px;border-top-color:#00000000}#gspb_accordion-id-gsbp-8b01127 .gs-accordion-item>.gs-accordion-item__title span.iconfortoggle{margin-left:15px;display:inline-block;height:14px;width:14px;position:relative}#gspb_accordion-id-gsbp-8b01127 .gs-accordion-item{margin-bottom:10px}#gspb_accordion-id-gsbp-8b01127 .gs-accordion-item>.gs-accordion-item__content>.gs-accordion-item__text,#gspb_accordion-id-gsbp-8b01127 .gs-accordion-item>.gs-accordion-item__title{padding:0}.gs-accordion .gs-accordion-item.gsopen .gs-accordion-item__title .gs-iconafter{transform:rotate(0)}.gs-accordion .gs-accordion-item__title span.iconfortoggle .gs-iconafter,.gs-accordion .gs-accordion-item__title span.iconfortoggle .gs-iconbefore{content:'';width:14px;height:2px;border-radius:2px;background-color:#111;position:absolute;top:6px;left:0}.gs-accordion .gs-accordion-item__title span.iconfortoggle .gs-iconafter{transform:rotate(90deg);transition:all .3s ease-in-out}body #gspb_accordionitem-gsbp-30adeb2.gs-accordion-item .gs-accordion-item__title{background-color:#ffffff00}@media (max-width:991.98px){body #gspb_accordionitem-gsbp-30adeb2.gs-accordion-item .gs-accordion-item__title{background-color:#ffffff00}}@media (max-width:767.98px){body #gspb_accordionitem-gsbp-30adeb2.gs-accordion-item .gs-accordion-item__title{background-color:#ffffff00}}@media (max-width:575.98px){body #gspb_accordionitem-gsbp-30adeb2.gs-accordion-item .gs-accordion-item__title{background-color:#ffffff00}}#gspb_accordionitem-gsbp-30adeb2 .gs-accordion-item__title>*{color:var(--wp--preset--color--contrast, #fffffe)!important}#gspb_accordionitem-gsbp-30adeb2 span.iconfortoggle .gs-iconafter,#gspb_accordionitem-gsbp-30adeb2 span.iconfortoggle .gs-iconbefore{background-color:var(--wp--preset--color--contrast, #fffffe)!important}#gspb_heading-id-gsbp-886a59e{margin-top:50px;margin-bottom:0}#gspb_heading-id-gsbp-b6cae7d{margin-bottom:0}.gs-box{padding:20px;border-left:5px solid transparent;margin-bottom:25px}.gs-box-text>p{margin-bottom:20px;margin-top:0}.gs-box-text>p:last-of-type{margin-bottom:0}.gs-box.infolight_type{color:#155724;border:2px solid #c3e6cb;border-radius:12px}.gs-box.infolight_type svg{fill:#8bc799}.gs-box.icon_type{display:flex}.gs-box.icon_type .gs-box-icon{width:28px;min-width:28px}.gs-box.icon_type .gs-box-text{flex-grow:1;margin:0 15px}#gspb_infoBox-id-gsbp-2bbbbec svg,#gspb_infoBox-id-gsbp-2bbbbec svg path,#gspb_infoBox-id-gsbp-2bbbbec svg:hover,#gspb_infoBox-id-gsbp-2bbbbec svg:hover path{fill:currentColor!important}#gspb_infoBox-id-gsbp-2bbbbec svg{margin:0!important}#gspb_infoBox-id-gsbp-2bbbbec svg,#gspb_infoBox-id-gsbp-2bbbbec svg path{stroke:var(--wp--preset--color--text-on-secondary-hover, #fffffd)!important}#gspb_infoBox-id-gsbp-2bbbbec .gs-box{color:var(--wp--preset--color--card-base, #FFFEFE)}#gspb_heading-id-gsbp-1e637e4{margin-top:0}","footnotes":""},"class_list":["post-1353","page","type-page","status-publish","hentry"],"_links":{"self":[{"href":"https:\/\/endo-duesseldorf.com\/de\/wp-json\/wp\/v2\/pages\/1353","targetHints":{"allow":["GET"]}}],"collection":[{"href":"https:\/\/endo-duesseldorf.com\/de\/wp-json\/wp\/v2\/pages"}],"about":[{"href":"https:\/\/endo-duesseldorf.com\/de\/wp-json\/wp\/v2\/types\/page"}],"author":[{"embeddable":true,"href":"https:\/\/endo-duesseldorf.com\/de\/wp-json\/wp\/v2\/users\/1"}],"replies":[{"embeddable":true,"href":"https:\/\/endo-duesseldorf.com\/de\/wp-json\/wp\/v2\/comments?post=1353"}],"version-history":[{"count":21,"href":"https:\/\/endo-duesseldorf.com\/de\/wp-json\/wp\/v2\/pages\/1353\/revisions"}],"predecessor-version":[{"id":2234,"href":"https:\/\/endo-duesseldorf.com\/de\/wp-json\/wp\/v2\/pages\/1353\/revisions\/2234"}],"wp:attachment":[{"href":"https:\/\/endo-duesseldorf.com\/de\/wp-json\/wp\/v2\/media?parent=1353"}],"curies":[{"name":"wp","href":"https:\/\/api.w.org\/{rel}","templated":true}]}}